{"id":817,"date":"2025-07-17T08:37:37","date_gmt":"2025-07-17T06:37:37","guid":{"rendered":"https:\/\/espaiemporda.com\/aviso-legal\/"},"modified":"2025-07-17T09:10:30","modified_gmt":"2025-07-17T07:10:30","slug":"aviso-legal","status":"publish","type":"page","link":"https:\/\/espaiemporda.com\/es\/aviso-legal\/","title":{"rendered":"Aviso Legal"},"content":{"rendered":"\n<p>MESTRES CARRERAS, LAURA, responsable del sitio web, en adelante RESPONSABLE, pone a disposici\u00f3n de los usuarios el presente documento, con el que pretende dar cumplimiento a las obligaciones dispuestas en la Ley 34\/2002, de 11 de julio, de Servicios de la Sociedad de la Informaci\u00f3n y de Comercio Electr\u00f3nico (LSSICE), BOE n\u00fam. 166, adem\u00e1s de informar a todos los usuarios del sitio web sobre las condiciones de uso.  <\/p>\n\n<p>Cualquier persona que acceda a este sitio web asume el papel de usuario, comprometi\u00e9ndose a la observancia estricta y al cumplimiento de las disposiciones aqu\u00ed expuestas, as\u00ed como a cualquier otra disposici\u00f3n legal que pueda ser aplicable. MAS RAMADES se reserva el derecho de modificar cualquier tipo de informaci\u00f3n que pueda aparecer en el sitio web, sin que exista obligaci\u00f3n de notificar o informar a los usuarios sobre dichas modificaciones, entendi\u00e9ndose como suficiente la publicaci\u00f3n en el sitio web de MAS RAMADES. <\/p>\n\n<h2 class=\"wp-block-heading\"><strong>1. DATOS DE IDENTIFICACI\u00d3N<\/strong><\/h2>\n\n<p>Nombre del dominio: https:\/\/www.masramades.com\/<br \/>Nombre comercial: MESTRES CARRERAS, LAURA<br \/>Nombre de la empresa: MAS RAMADES<br \/>NIF: 40344774Z<br \/>Oficina registrada: CALLE AVDA RIPOLL\u00c8S 17257 TORROELLA DE MONTGR\u00cd<br \/>Tel\u00e9fono: 696826422<br \/>Correo electr\u00f3nico: info@masramades.com<\/p>\n\n<p><strong>2. DERECHOS DE PROPIEDAD INTELECTUAL E INDUSTRIAL<\/strong><br \/>El sitio web, incluyendo pero no limit\u00e1ndose a su programaci\u00f3n, edici\u00f3n, recopilaci\u00f3n y dem\u00e1s elementos necesarios para su funcionamiento, los dise\u00f1os, logotipos, texto y\/o gr\u00e1ficos, son propiedad del RESPONSABLE o, en su caso, dispone de licencia o autorizaci\u00f3n expresa por parte de los autores. Todos los contenidos del sitio web se encuentran debidamente protegidos por la normativa de propiedad intelectual e industrial, as\u00ed como registrados en los registros p\u00fablicos correspondientes.<br \/>Independientemente de la finalidad para la que fueran destinados, la reproducci\u00f3n total o parcial, uso, explotaci\u00f3n, distribuci\u00f3n y comercializaci\u00f3n de cualquier contenido requiere en todos los casos la autorizaci\u00f3n previa y por escrito del RESPONSABLE. Cualquier uso no autorizado previamente se considerar\u00e1 un incumplimiento grave de los derechos de propiedad intelectual o industrial del autor.<br \/>Los dise\u00f1os, logotipos, texto y\/o gr\u00e1ficos ajenos al RESPONSABLE y que pudieran aparecer en el sitio web pertenecen a sus respectivos propietarios, siendo ellos mismos responsables de cualquier posible controversia que pudiera suscitarse respecto a los mismos.<br \/>El RESPONSABLE autoriza expresamente a terceros a redirigir directamente al contenido espec\u00edfico del sitio web, y en todo caso, a redirigir al sitio web principal de https:\/\/www.masramades.com\/.       <\/p>\n\n<p>El CONTROLLER reconoce los derechos de propiedad intelectual e industrial a favor de sus respectivos titulares; su mera menci\u00f3n o aparici\u00f3n en el sitio web no implica la existencia de ning\u00fan derecho o responsabilidad sobre los mismos, ni supone respaldo, patrocinio o recomendaci\u00f3n por parte del RESPONSABLE.<br \/>Para realizar cualquier tipo de observaci\u00f3n respecto a posibles incumplimientos de los derechos de propiedad intelectual o industrial, as\u00ed como sobre cualquiera de los contenidos del sitio web, puede hacerlo mediante correo electr\u00f3nico a info@masramades.com. <\/p>\n\n<p><strong>3. EXENCI\u00d3N DE RESPONSABILIDAD<\/strong><br \/>El CONTROLLER queda exento de cualquier tipo de responsabilidad derivada de la informaci\u00f3n publicada en su sitio web, siempre que no tenga conocimiento efectivo de que dicha informaci\u00f3n haya sido manipulada o introducida por un tercero ajeno al mismo o, en caso de tenerlo, haya actuado con diligencia para eliminar los datos o hacer imposible el acceso a los mismos.<\/p>\n\n<p><strong>Uso de cookies<\/strong><br \/>Este sitio web puede utilizar cookies t\u00e9cnicas (peque\u00f1os archivos de informaci\u00f3n que el servidor env\u00eda al ordenador de la persona que accede a la p\u00e1gina) para llevar a cabo ciertas funciones que se consideran esenciales para el correcto funcionamiento y visualizaci\u00f3n del sitio. Las cookies utilizadas tienen, en todo caso, car\u00e1cter temporal, con el \u00fanico prop\u00f3sito de hacer m\u00e1s eficiente la navegaci\u00f3n y desaparecen al finalizar la sesi\u00f3n del usuario. En ning\u00fan caso estas cookies proporcionan datos personales y no se utilizar\u00e1n para recogerlos.<br \/>Mediante el uso de cookies, tambi\u00e9n es posible que el servidor donde se encuentra el sitio web reconozca el navegador utilizado por el usuario para facilitar la navegaci\u00f3n, permitiendo, por ejemplo, el acceso a los usuarios que se hayan registrado previamente en las \u00e1reas, servicios, promociones o concursos reservados exclusivamente para ellos sin tener que registrarse en cada visita. Tambi\u00e9n pueden utilizarse para medir la audiencia, par\u00e1metros del tr\u00e1fico, controlar el progreso y el n\u00famero de entradas, etc.; en estos casos, las cookies pueden ser t\u00e9cnicamente dispensables pero beneficiosas para el usuario. Este sitio web no instalar\u00e1 cookies prescindibles sin el consentimiento previo del usuario.<br \/>Este sitio web utiliza cookies anal\u00edticas para permitir la funci\u00f3n de control de visitas \u00fanica y facilitar su navegaci\u00f3n. A todos los usuarios que visitan el sitio web se les informa del uso de estas cookies mediante una ventana emergente flotante, considerando que si aceptan el tratamiento, consienten su uso. Si aceptan su uso, la ventana desaparecer\u00e1, aunque pueden revocar el consentimiento en cualquier momento y obtener m\u00e1s informaci\u00f3n consultando nuestra Pol\u00edtica de cookies.<br \/>El usuario tiene la posibilidad de configurar su navegador para ser alertado de la recepci\u00f3n de cookies y evitar su instalaci\u00f3n en su dispositivo. Por favor, consulte las instrucciones de su navegador para obtener m\u00e1s informaci\u00f3n.         <\/p>\n\n<p><strong>Pol\u00edtica de enlace<\/strong><br \/>Desde el sitio web se puede redirigir a contenidos de sitios web de terceros. Dado que el CONTROLLER no puede controlar siempre los contenidos introducidos por terceros en sus respectivos sitios web, no asume ning\u00fan tipo de responsabilidad respecto a dichos contenidos. En cualquier caso, proceder\u00e1 a la retirada inmediata de cualquier contenido que pudiera contravenir la legislaci\u00f3n nacional o internacional, la moral o el orden p\u00fablico, eliminando de forma inmediata la redirecci\u00f3n a dicho sitio web e informando a las autoridades competentes sobre el contenido en cuesti\u00f3n.   <\/p>\n\n<p>El CONTROLLER no es responsable de la informaci\u00f3n y el contenido almacenados, por ejemplo, pero sin limitarse a, foros, chats, generadores de blogs, comentarios, redes sociales o cualquier otro medio que permita a terceros publicar contenido de manera independiente en el sitio web del RESPONSABLE.<br \/>No obstante, y de acuerdo con lo dispuesto en los art\u00edculos 11 y 16 de la LSSICE, pone a disposici\u00f3n de todos los usuarios, autoridades y fuerzas de seguridad, colaborando activamente en la retirada o, en su caso, bloqueo de todos aquellos contenidos que puedan afectar o contravenir la legislaci\u00f3n nacional o internacional, los derechos de terceros o la moralidad y el orden p\u00fablico.<br \/>En caso de que el usuario considere que existe alg\u00fan contenido en el sitio web que pueda ser susceptible de esta clasificaci\u00f3n, deber\u00e1 notificarlo inmediatamente al administrador del sitio web.<br \/>Este sitio web ha sido revisado y probado para funcionar correctamente. En principio, se puede garantizar un funcionamiento adecuado 365 d\u00edas al a\u00f1o, 24 horas al d\u00eda. Sin embargo, el RESPONSABLE no descarta la posibilidad de que existan ciertos errores de programaci\u00f3n o que pueda producirse fuerza mayor, desastres naturales, huelgas o circunstancias similares que imposibiliten el acceso al sitio web.      <\/p>\n\n<p><strong>Direcciones IP<\/strong><br \/>Los servidores del sitio web podr\u00e1n detectar autom\u00e1ticamente la direcci\u00f3n IP y el nombre de dominio utilizados por el usuario. Una direcci\u00f3n IP se asigna autom\u00e1ticamente a un ordenador cuando se conecta a Internet. Toda esta informaci\u00f3n se registra en un archivo de actividad del servidor debidamente registrado, que permite el posterior tratamiento de los datos para obtener \u00fanicamente medidas estad\u00edsticas que permitan conocer el n\u00famero de impresiones de p\u00e1ginas, el n\u00famero de visitas realizadas a los servidores web, el orden de las visitas, el punto de acceso, etc.  <\/p>\n\n<p><strong>4. LEY APLICABLE Y JURISDICCI\u00d3N<\/strong><br \/>Para la resoluci\u00f3n de todas las disputas o cuestiones relacionadas con este sitio web o las actividades que en \u00e9l se desarrollen, ser\u00e1 de aplicaci\u00f3n la legislaci\u00f3n espa\u00f1ola, a la cual las partes se someten expresamente, siendo competentes para la resoluci\u00f3n de todos los conflictos derivados o relacionados con su uso los tribunales del domicilio del USUARIO o del lugar de cumplimiento de la obligaci\u00f3n. <\/p>\n","protected":false},"excerpt":{"rendered":"<p>MESTRES CARRERAS, LAURA, responsable del sitio web, en adelante RESPONSABLE, pone a disposici\u00f3n de los usuarios el presente documento, con el que pretende dar cumplimiento a las obligaciones dispuestas en la Ley 34\/2002, de 11 de julio, de Servicios de la Sociedad de la Informaci\u00f3n y de Comercio Electr\u00f3nico (LSSICE), BOE n\u00fam. 166, adem\u00e1s de [&hellip;]<\/p>\n","protected":false},"author":1,"featured_media":0,"parent":0,"menu_order":0,"comment_status":"closed","ping_status":"closed","template":"","meta":{"footnotes":""},"class_list":["post-817","page","type-page","status-publish","hentry"],"yoast_head":"<!-- This site is optimized with the Yoast SEO plugin v27.4 - https:\/\/yoast.com\/product\/yoast-seo-wordpress\/ -->\n<title>Aviso Legal - Espai Empord\u00e0<\/title>\n<meta name=\"robots\" content=\"index, follow, max-snippet:-1, max-image-preview:large, max-video-preview:-1\" \/>\n<link rel=\"canonical\" href=\"https:\/\/espaiemporda.com\/es\/aviso-legal\/\" \/>\n<meta property=\"og:locale\" content=\"es_ES\" \/>\n<meta property=\"og:type\" content=\"article\" \/>\n<meta property=\"og:title\" content=\"Aviso Legal - Espai Empord\u00e0\" \/>\n<meta property=\"og:description\" content=\"MESTRES CARRERAS, LAURA, responsable del sitio web, en adelante RESPONSABLE, pone a disposici\u00f3n de los usuarios el presente documento, con el que pretende dar cumplimiento a las obligaciones dispuestas en la Ley 34\/2002, de 11 de julio, de Servicios de la Sociedad de la Informaci\u00f3n y de Comercio Electr\u00f3nico (LSSICE), BOE n\u00fam. 166, adem\u00e1s de [&hellip;]\" \/>\n<meta property=\"og:url\" content=\"https:\/\/espaiemporda.com\/es\/aviso-legal\/\" \/>\n<meta property=\"og:site_name\" content=\"Espai Empord\u00e0\" \/>\n<meta property=\"article:modified_time\" content=\"2025-07-17T07:10:30+00:00\" \/>\n<meta name=\"twitter:card\" content=\"summary_large_image\" \/>\n<meta name=\"twitter:label1\" content=\"Tiempo de lectura\" \/>\n\t<meta name=\"twitter:data1\" content=\"7 minutos\" \/>\n<script type=\"application\/ld+json\" class=\"yoast-schema-graph\">{\"@context\":\"https:\\\/\\\/schema.org\",\"@graph\":[{\"@type\":\"WebPage\",\"@id\":\"https:\\\/\\\/espaiemporda.com\\\/es\\\/aviso-legal\\\/\",\"url\":\"https:\\\/\\\/espaiemporda.com\\\/es\\\/aviso-legal\\\/\",\"name\":\"Aviso Legal - Espai Empord\u00e0\",\"isPartOf\":{\"@id\":\"https:\\\/\\\/espaiemporda.com\\\/es\\\/#website\"},\"datePublished\":\"2025-07-17T06:37:37+00:00\",\"dateModified\":\"2025-07-17T07:10:30+00:00\",\"breadcrumb\":{\"@id\":\"https:\\\/\\\/espaiemporda.com\\\/es\\\/aviso-legal\\\/#breadcrumb\"},\"inLanguage\":\"es\",\"potentialAction\":[{\"@type\":\"ReadAction\",\"target\":[\"https:\\\/\\\/espaiemporda.com\\\/es\\\/aviso-legal\\\/\"]}]},{\"@type\":\"BreadcrumbList\",\"@id\":\"https:\\\/\\\/espaiemporda.com\\\/es\\\/aviso-legal\\\/#breadcrumb\",\"itemListElement\":[{\"@type\":\"ListItem\",\"position\":1,\"name\":\"Inici\",\"item\":\"https:\\\/\\\/espaiemporda.com\\\/es\\\/inicio\\\/\"},{\"@type\":\"ListItem\",\"position\":2,\"name\":\"Aviso Legal\"}]},{\"@type\":\"WebSite\",\"@id\":\"https:\\\/\\\/espaiemporda.com\\\/es\\\/#website\",\"url\":\"https:\\\/\\\/espaiemporda.com\\\/es\\\/\",\"name\":\"Espai Empord\u00e0\",\"description\":\"Respira, connecta, transforma. Un refugi de pau al cor de l\u2019Empord\u00e0.\",\"publisher\":{\"@id\":\"https:\\\/\\\/espaiemporda.com\\\/es\\\/#organization\"},\"potentialAction\":[{\"@type\":\"SearchAction\",\"target\":{\"@type\":\"EntryPoint\",\"urlTemplate\":\"https:\\\/\\\/espaiemporda.com\\\/es\\\/?s={search_term_string}\"},\"query-input\":{\"@type\":\"PropertyValueSpecification\",\"valueRequired\":true,\"valueName\":\"search_term_string\"}}],\"inLanguage\":\"es\"},{\"@type\":\"Organization\",\"@id\":\"https:\\\/\\\/espaiemporda.com\\\/es\\\/#organization\",\"name\":\"Espai Empord\u00e0\",\"url\":\"https:\\\/\\\/espaiemporda.com\\\/es\\\/\",\"logo\":{\"@type\":\"ImageObject\",\"inLanguage\":\"es\",\"@id\":\"https:\\\/\\\/espaiemporda.com\\\/es\\\/#\\\/schema\\\/logo\\\/image\\\/\",\"url\":\"https:\\\/\\\/espaiemporda.com\\\/wp-content\\\/uploads\\\/2025\\\/07\\\/Logo-Espai-Emporda-1.png\",\"contentUrl\":\"https:\\\/\\\/espaiemporda.com\\\/wp-content\\\/uploads\\\/2025\\\/07\\\/Logo-Espai-Emporda-1.png\",\"width\":375,\"height\":155,\"caption\":\"Espai Empord\u00e0\"},\"image\":{\"@id\":\"https:\\\/\\\/espaiemporda.com\\\/es\\\/#\\\/schema\\\/logo\\\/image\\\/\"},\"sameAs\":[\"https:\\\/\\\/www.instagram.com\\\/espai_emporda\\\/\"]}]}<\/script>\n<!-- \/ Yoast SEO plugin. -->","yoast_head_json":{"title":"Aviso Legal - Espai Empord\u00e0","robots":{"index":"index","follow":"follow","max-snippet":"max-snippet:-1","max-image-preview":"max-image-preview:large","max-video-preview":"max-video-preview:-1"},"canonical":"https:\/\/espaiemporda.com\/es\/aviso-legal\/","og_locale":"es_ES","og_type":"article","og_title":"Aviso Legal - Espai Empord\u00e0","og_description":"MESTRES CARRERAS, LAURA, responsable del sitio web, en adelante RESPONSABLE, pone a disposici\u00f3n de los usuarios el presente documento, con el que pretende dar cumplimiento a las obligaciones dispuestas en la Ley 34\/2002, de 11 de julio, de Servicios de la Sociedad de la Informaci\u00f3n y de Comercio Electr\u00f3nico (LSSICE), BOE n\u00fam. 166, adem\u00e1s de [&hellip;]","og_url":"https:\/\/espaiemporda.com\/es\/aviso-legal\/","og_site_name":"Espai Empord\u00e0","article_modified_time":"2025-07-17T07:10:30+00:00","twitter_card":"summary_large_image","twitter_misc":{"Tiempo de lectura":"7 minutos"},"schema":{"@context":"https:\/\/schema.org","@graph":[{"@type":"WebPage","@id":"https:\/\/espaiemporda.com\/es\/aviso-legal\/","url":"https:\/\/espaiemporda.com\/es\/aviso-legal\/","name":"Aviso Legal - Espai Empord\u00e0","isPartOf":{"@id":"https:\/\/espaiemporda.com\/es\/#website"},"datePublished":"2025-07-17T06:37:37+00:00","dateModified":"2025-07-17T07:10:30+00:00","breadcrumb":{"@id":"https:\/\/espaiemporda.com\/es\/aviso-legal\/#breadcrumb"},"inLanguage":"es","potentialAction":[{"@type":"ReadAction","target":["https:\/\/espaiemporda.com\/es\/aviso-legal\/"]}]},{"@type":"BreadcrumbList","@id":"https:\/\/espaiemporda.com\/es\/aviso-legal\/#breadcrumb","itemListElement":[{"@type":"ListItem","position":1,"name":"Inici","item":"https:\/\/espaiemporda.com\/es\/inicio\/"},{"@type":"ListItem","position":2,"name":"Aviso Legal"}]},{"@type":"WebSite","@id":"https:\/\/espaiemporda.com\/es\/#website","url":"https:\/\/espaiemporda.com\/es\/","name":"Espai Empord\u00e0","description":"Respira, connecta, transforma. Un refugi de pau al cor de l\u2019Empord\u00e0.","publisher":{"@id":"https:\/\/espaiemporda.com\/es\/#organization"},"potentialAction":[{"@type":"SearchAction","target":{"@type":"EntryPoint","urlTemplate":"https:\/\/espaiemporda.com\/es\/?s={search_term_string}"},"query-input":{"@type":"PropertyValueSpecification","valueRequired":true,"valueName":"search_term_string"}}],"inLanguage":"es"},{"@type":"Organization","@id":"https:\/\/espaiemporda.com\/es\/#organization","name":"Espai Empord\u00e0","url":"https:\/\/espaiemporda.com\/es\/","logo":{"@type":"ImageObject","inLanguage":"es","@id":"https:\/\/espaiemporda.com\/es\/#\/schema\/logo\/image\/","url":"https:\/\/espaiemporda.com\/wp-content\/uploads\/2025\/07\/Logo-Espai-Emporda-1.png","contentUrl":"https:\/\/espaiemporda.com\/wp-content\/uploads\/2025\/07\/Logo-Espai-Emporda-1.png","width":375,"height":155,"caption":"Espai Empord\u00e0"},"image":{"@id":"https:\/\/espaiemporda.com\/es\/#\/schema\/logo\/image\/"},"sameAs":["https:\/\/www.instagram.com\/espai_emporda\/"]}]}},"_links":{"self":[{"href":"https:\/\/espaiemporda.com\/es\/wp-json\/wp\/v2\/pages\/817","targetHints":{"allow":["GET"]}}],"collection":[{"href":"https:\/\/espaiemporda.com\/es\/wp-json\/wp\/v2\/pages"}],"about":[{"href":"https:\/\/espaiemporda.com\/es\/wp-json\/wp\/v2\/types\/page"}],"author":[{"embeddable":true,"href":"https:\/\/espaiemporda.com\/es\/wp-json\/wp\/v2\/users\/1"}],"replies":[{"embeddable":true,"href":"https:\/\/espaiemporda.com\/es\/wp-json\/wp\/v2\/comments?post=817"}],"version-history":[{"count":2,"href":"https:\/\/espaiemporda.com\/es\/wp-json\/wp\/v2\/pages\/817\/revisions"}],"predecessor-version":[{"id":820,"href":"https:\/\/espaiemporda.com\/es\/wp-json\/wp\/v2\/pages\/817\/revisions\/820"}],"wp:attachment":[{"href":"https:\/\/espaiemporda.com\/es\/wp-json\/wp\/v2\/media?parent=817"}],"curies":[{"name":"wp","href":"https:\/\/api.w.org\/{rel}","templated":true}]}}