{"id":755,"date":"2025-07-15T13:27:43","date_gmt":"2025-07-15T11:27:43","guid":{"rendered":"https:\/\/espaiemporda.com\/actividades-que-acogemos\/"},"modified":"2025-08-29T10:28:49","modified_gmt":"2025-08-29T08:28:49","slug":"actividades-que-acogemos","status":"publish","type":"page","link":"https:\/\/espaiemporda.com\/es\/actividades-que-acogemos\/","title":{"rendered":"Actividades que acogemos"},"content":{"rendered":"\t\t<div data-elementor-type=\"wp-page\" data-elementor-id=\"755\" class=\"elementor elementor-755 elementor-292\" data-elementor-post-type=\"page\">\n\t\t\t\t<div class=\"elementor-element elementor-element-bc7d707 e-con-full e-flex e-con e-parent\" data-id=\"bc7d707\" data-element_type=\"container\" data-e-type=\"container\" data-settings=\"{&quot;background_background&quot;:&quot;gradient&quot;}\">\n\t\t<div class=\"elementor-element elementor-element-a1bec16 e-con-full e-flex e-con e-child\" data-id=\"a1bec16\" data-element_type=\"container\" data-e-type=\"container\">\n\t\t\t\t<div class=\"elementor-element elementor-element-4c2595c animated-slow elementor-invisible elementor-widget elementor-widget-heading\" data-id=\"4c2595c\" data-element_type=\"widget\" data-e-type=\"widget\" data-settings=\"{&quot;_animation&quot;:&quot;fadeInDown&quot;}\" data-widget_type=\"heading.default\">\n\t\t\t\t\t<h1 class=\"elementor-heading-title elementor-size-default\"><i>\u00bfQu\u00e9<\/i> puedes hacer?<\/h1>\t\t\t\t<\/div>\n\t\t\t\t<div class=\"elementor-element elementor-element-74d4f53 animated-slow elementor-invisible elementor-widget elementor-widget-text-editor\" data-id=\"74d4f53\" data-element_type=\"widget\" data-e-type=\"widget\" data-settings=\"{&quot;_animation&quot;:&quot;fadeInLeft&quot;}\" data-widget_type=\"text-editor.default\">\n\t\t\t\t\t\t\t\t\t<p>Un espacio para todo lo que imagines y necesites<\/p>\t\t\t\t\t\t\t\t<\/div>\n\t\t<div class=\"elementor-element elementor-element-6acc51a e-con-full e-flex e-con e-child\" data-id=\"6acc51a\" data-element_type=\"container\" data-e-type=\"container\">\n\t\t\t\t<div class=\"elementor-element elementor-element-b40c085 animated-slow elementor-invisible elementor-widget elementor-widget-button\" data-id=\"b40c085\" data-element_type=\"widget\" data-e-type=\"widget\" data-settings=\"{&quot;_animation&quot;:&quot;fadeInLeft&quot;,&quot;_animation_delay&quot;:800}\" data-widget_type=\"button.default\">\n\t\t\t\t\t\t\t\t\t\t<a class=\"elementor-button elementor-button-link elementor-size-sm\" href=\"https:\/\/espaiemporda.com\/es\/el-espacio\/\">\n\t\t\t\t\t\t<span class=\"elementor-button-content-wrapper\">\n\t\t\t\t\t\t\t\t\t<span class=\"elementor-button-text\">Descubre el espacio<\/span>\n\t\t\t\t\t<\/span>\n\t\t\t\t\t<\/a>\n\t\t\t\t\t\t\t\t<\/div>\n\t\t\t\t<div class=\"elementor-element elementor-element-030da3b animated-slow elementor-invisible elementor-widget elementor-widget-button\" data-id=\"030da3b\" data-element_type=\"widget\" data-e-type=\"widget\" data-settings=\"{&quot;_animation&quot;:&quot;fadeInLeft&quot;,&quot;_animation_delay&quot;:400}\" data-widget_type=\"button.default\">\n\t\t\t\t\t\t\t\t\t\t<a class=\"elementor-button elementor-button-link elementor-size-sm\" href=\"https:\/\/espaiemporda.com\/es\/contacto\/\">\n\t\t\t\t\t\t<span class=\"elementor-button-content-wrapper\">\n\t\t\t\t\t\t\t\t\t<span class=\"elementor-button-text\">Contacta<\/span>\n\t\t\t\t\t<\/span>\n\t\t\t\t\t<\/a>\n\t\t\t\t\t\t\t\t<\/div>\n\t\t\t\t<\/div>\n\t\t\t\t<\/div>\n\t\t<div class=\"elementor-element elementor-element-1d34f44 e-con-full e-flex e-con e-child\" data-id=\"1d34f44\" data-element_type=\"container\" data-e-type=\"container\">\n\t\t\t\t<div class=\"elementor-element elementor-element-e30bab9 animated-slow elementor-invisible elementor-widget elementor-widget-image\" data-id=\"e30bab9\" data-element_type=\"widget\" data-e-type=\"widget\" data-settings=\"{&quot;_animation&quot;:&quot;fadeInRight&quot;,&quot;_animation_delay&quot;:200}\" data-widget_type=\"image.default\">\n\t\t\t\t\t\t\t\t\t\t\t\t\t\t\t<img fetchpriority=\"high\" decoding=\"async\" width=\"768\" height=\"1024\" src=\"https:\/\/espaiemporda.com\/wp-content\/uploads\/2025\/07\/galeria3-768x1024.webp\" class=\"attachment-large size-large wp-image-721\" alt=\"Classe de ioga\" srcset=\"https:\/\/espaiemporda.com\/wp-content\/uploads\/2025\/07\/galeria3-768x1024.webp 768w, https:\/\/espaiemporda.com\/wp-content\/uploads\/2025\/07\/galeria3-225x300.webp 225w, https:\/\/espaiemporda.com\/wp-content\/uploads\/2025\/07\/galeria3-1152x1536.webp 1152w, https:\/\/espaiemporda.com\/wp-content\/uploads\/2025\/07\/galeria3.webp 1536w\" sizes=\"(max-width: 768px) 100vw, 768px\" \/>\t\t\t\t\t\t\t\t\t\t\t\t\t\t\t<\/div>\n\t\t\t\t<\/div>\n\t\t\t\t<\/div>\n\t\t<div class=\"elementor-element elementor-element-81fc01a e-con-full e-flex e-con e-parent\" data-id=\"81fc01a\" data-element_type=\"container\" data-e-type=\"container\" data-settings=\"{&quot;background_background&quot;:&quot;classic&quot;}\">\n\t\t<div class=\"elementor-element elementor-element-23eee1c e-con-full e-flex e-con e-child\" data-id=\"23eee1c\" data-element_type=\"container\" data-e-type=\"container\">\n\t\t\t\t<div class=\"elementor-element elementor-element-84d0a8a animated-slow elementor-invisible elementor-widget elementor-widget-heading\" data-id=\"84d0a8a\" data-element_type=\"widget\" data-e-type=\"widget\" data-settings=\"{&quot;_animation&quot;:&quot;fadeInDown&quot;}\" data-widget_type=\"heading.default\">\n\t\t\t\t\t<h2 class=\"elementor-heading-title elementor-size-default\">Actividades que conectan cuerpo, mente y equipo<\/h2>\t\t\t\t<\/div>\n\t\t\t\t<div class=\"elementor-element elementor-element-15108ec animated-slow elementor-invisible elementor-widget elementor-widget-text-editor\" data-id=\"15108ec\" data-element_type=\"widget\" data-e-type=\"widget\" data-settings=\"{&quot;_animation&quot;:&quot;fadeInLeft&quot;,&quot;_animation_delay&quot;:400}\" data-widget_type=\"text-editor.default\">\n\t\t\t\t\t\t\t\t\t<p>Nuestro espacio est\u00e1 pensado para albergar una amplia variedad de actividades especialmente para el bienestar, el aprendizaje y la cohesi\u00f3n. Desde <strong data-start=\"300\" data-end=\"330\">retiros de yoga y meditaci\u00f3n<\/strong> , <strong data-start=\"332\" data-end=\"366\">talleres de crecimiento personal<\/strong> , hasta <strong data-start=\"375\" data-end=\"421\">din\u00e1micas de team building para empresas<\/strong> , <strong data-start=\"423\" data-end=\"437\">formaciones<\/strong> , <strong data-start=\"439\" data-end=\"451\">charlas<\/strong> y tambi\u00e9n <strong data-start=\"454\" data-end=\"483\">clases de yoga semanales<\/strong> .<br data-start=\"507\" data-end=\"510\">Te ofrecemos una sala en un entorno natural, acogedor e inspirador que acompa\u00f1a cada propuesta con tranquilidad, calidez y profesionalidad. <\/p>\t\t\t\t\t\t\t\t<\/div>\n\t\t\t\t<\/div>\n\t\t\t\t<\/div>\n\t\t<div class=\"elementor-element elementor-element-7807bc6 e-con-full e-flex e-con e-parent\" data-id=\"7807bc6\" data-element_type=\"container\" data-e-type=\"container\" data-settings=\"{&quot;background_background&quot;:&quot;gradient&quot;}\">\n\t\t<div class=\"elementor-element elementor-element-cf15fee e-con-full e-flex e-con e-child\" data-id=\"cf15fee\" data-element_type=\"container\" data-e-type=\"container\">\n\t\t<div class=\"elementor-element elementor-element-d35004c e-con-full animated-slow e-flex elementor-invisible e-con e-child\" data-id=\"d35004c\" data-element_type=\"container\" data-e-type=\"container\" data-settings=\"{&quot;background_background&quot;:&quot;classic&quot;,&quot;animation&quot;:&quot;fadeInUp&quot;}\">\n\t\t\t\t<div class=\"elementor-element elementor-element-1d1c260 elementor-widget elementor-widget-image\" data-id=\"1d1c260\" data-element_type=\"widget\" data-e-type=\"widget\" data-widget_type=\"image.default\">\n\t\t\t\t\t\t\t\t\t\t\t\t\t\t\t<img decoding=\"async\" width=\"50\" height=\"55\" src=\"https:\/\/espaiemporda.com\/wp-content\/uploads\/2025\/07\/Frame-7.svg\" class=\"attachment-large size-large wp-image-714\" alt=\"Flor de lotus\" \/>\t\t\t\t\t\t\t\t\t\t\t\t\t\t\t<\/div>\n\t\t\t\t<div class=\"elementor-element elementor-element-d617343 elementor-widget-divider--view-line elementor-widget elementor-widget-divider\" data-id=\"d617343\" data-element_type=\"widget\" data-e-type=\"widget\" data-widget_type=\"divider.default\">\n\t\t\t\t\t\t\t<div class=\"elementor-divider\">\n\t\t\t<span class=\"elementor-divider-separator\">\n\t\t\t\t\t\t<\/span>\n\t\t<\/div>\n\t\t\t\t\t\t<\/div>\n\t\t\t\t<div class=\"elementor-element elementor-element-ffad126 elementor-widget elementor-widget-heading\" data-id=\"ffad126\" data-element_type=\"widget\" data-e-type=\"widget\" data-widget_type=\"heading.default\">\n\t\t\t\t\t<h3 class=\"elementor-heading-title elementor-size-default\">Retiros de yoga y meditaci\u00f3n<\/h3>\t\t\t\t<\/div>\n\t\t\t\t<\/div>\n\t\t<div class=\"elementor-element elementor-element-2be56a0 e-con-full animated-slow e-flex elementor-invisible e-con e-child\" data-id=\"2be56a0\" data-element_type=\"container\" data-e-type=\"container\" data-settings=\"{&quot;background_background&quot;:&quot;classic&quot;,&quot;animation&quot;:&quot;fadeInUp&quot;,&quot;animation_delay&quot;:200}\">\n\t\t\t\t<div class=\"elementor-element elementor-element-9fa2529 elementor-widget elementor-widget-image\" data-id=\"9fa2529\" data-element_type=\"widget\" data-e-type=\"widget\" data-widget_type=\"image.default\">\n\t\t\t\t\t\t\t\t\t\t\t\t\t\t\t<img decoding=\"async\" width=\"51\" height=\"55\" src=\"https:\/\/espaiemporda.com\/wp-content\/uploads\/2025\/07\/Frame-8.svg\" class=\"attachment-large size-large wp-image-715\" alt=\"Fletxa escalant\" \/>\t\t\t\t\t\t\t\t\t\t\t\t\t\t\t<\/div>\n\t\t\t\t<div class=\"elementor-element elementor-element-056e156 elementor-widget-divider--view-line elementor-widget elementor-widget-divider\" data-id=\"056e156\" data-element_type=\"widget\" data-e-type=\"widget\" data-widget_type=\"divider.default\">\n\t\t\t\t\t\t\t<div class=\"elementor-divider\">\n\t\t\t<span class=\"elementor-divider-separator\">\n\t\t\t\t\t\t<\/span>\n\t\t<\/div>\n\t\t\t\t\t\t<\/div>\n\t\t\t\t<div class=\"elementor-element elementor-element-4e4adba elementor-widget elementor-widget-heading\" data-id=\"4e4adba\" data-element_type=\"widget\" data-e-type=\"widget\" data-widget_type=\"heading.default\">\n\t\t\t\t\t<h3 class=\"elementor-heading-title elementor-size-default\">Talleres de crecimiento personal<\/h3>\t\t\t\t<\/div>\n\t\t\t\t<\/div>\n\t\t<div class=\"elementor-element elementor-element-64b9c45 e-con-full animated-slow e-flex elementor-invisible e-con e-child\" data-id=\"64b9c45\" data-element_type=\"container\" data-e-type=\"container\" data-settings=\"{&quot;background_background&quot;:&quot;classic&quot;,&quot;animation&quot;:&quot;fadeInUp&quot;,&quot;animation_delay&quot;:400}\">\n\t\t\t\t<div class=\"elementor-element elementor-element-e0fda99 elementor-widget elementor-widget-image\" data-id=\"e0fda99\" data-element_type=\"widget\" data-e-type=\"widget\" data-widget_type=\"image.default\">\n\t\t\t\t\t\t\t\t\t\t\t\t\t\t\t<img loading=\"lazy\" decoding=\"async\" width=\"51\" height=\"55\" src=\"https:\/\/espaiemporda.com\/wp-content\/uploads\/2025\/07\/Frame-9.svg\" class=\"attachment-large size-large wp-image-716\" alt=\"Equip\" \/>\t\t\t\t\t\t\t\t\t\t\t\t\t\t\t<\/div>\n\t\t\t\t<div class=\"elementor-element elementor-element-dff0a2b elementor-widget-divider--view-line elementor-widget elementor-widget-divider\" data-id=\"dff0a2b\" data-element_type=\"widget\" data-e-type=\"widget\" data-widget_type=\"divider.default\">\n\t\t\t\t\t\t\t<div class=\"elementor-divider\">\n\t\t\t<span class=\"elementor-divider-separator\">\n\t\t\t\t\t\t<\/span>\n\t\t<\/div>\n\t\t\t\t\t\t<\/div>\n\t\t\t\t<div class=\"elementor-element elementor-element-2f4e8a2 elementor-widget elementor-widget-heading\" data-id=\"2f4e8a2\" data-element_type=\"widget\" data-e-type=\"widget\" data-widget_type=\"heading.default\">\n\t\t\t\t\t<h3 class=\"elementor-heading-title elementor-size-default\">Team buildings para empresas<\/h3>\t\t\t\t<\/div>\n\t\t\t\t<\/div>\n\t\t\t\t<\/div>\n\t\t<div class=\"elementor-element elementor-element-bbf1a29 e-con-full e-flex e-con e-child\" data-id=\"bbf1a29\" data-element_type=\"container\" data-e-type=\"container\">\n\t\t<div class=\"elementor-element elementor-element-47418ba e-con-full animated-slow e-flex elementor-invisible e-con e-child\" data-id=\"47418ba\" data-element_type=\"container\" data-e-type=\"container\" data-settings=\"{&quot;background_background&quot;:&quot;classic&quot;,&quot;animation&quot;:&quot;fadeInUp&quot;}\">\n\t\t\t\t<div class=\"elementor-element elementor-element-732f631 elementor-widget elementor-widget-image\" data-id=\"732f631\" data-element_type=\"widget\" data-e-type=\"widget\" data-widget_type=\"image.default\">\n\t\t\t\t\t\t\t\t\t\t\t\t\t\t\t<img loading=\"lazy\" decoding=\"async\" width=\"51\" height=\"55\" src=\"https:\/\/espaiemporda.com\/wp-content\/uploads\/2025\/07\/Frame-10.svg\" class=\"attachment-large size-large wp-image-717\" alt=\"Confer\u00e8ncia\" \/>\t\t\t\t\t\t\t\t\t\t\t\t\t\t\t<\/div>\n\t\t\t\t<div class=\"elementor-element elementor-element-a187272 elementor-widget-divider--view-line elementor-widget elementor-widget-divider\" data-id=\"a187272\" data-element_type=\"widget\" data-e-type=\"widget\" data-widget_type=\"divider.default\">\n\t\t\t\t\t\t\t<div class=\"elementor-divider\">\n\t\t\t<span class=\"elementor-divider-separator\">\n\t\t\t\t\t\t<\/span>\n\t\t<\/div>\n\t\t\t\t\t\t<\/div>\n\t\t\t\t<div class=\"elementor-element elementor-element-f88f3a5 elementor-widget elementor-widget-heading\" data-id=\"f88f3a5\" data-element_type=\"widget\" data-e-type=\"widget\" data-widget_type=\"heading.default\">\n\t\t\t\t\t<h3 class=\"elementor-heading-title elementor-size-default\">Charlas y formaciones<\/h3>\t\t\t\t<\/div>\n\t\t\t\t<\/div>\n\t\t<div class=\"elementor-element elementor-element-f871a54 e-con-full animated-slow e-flex elementor-invisible e-con e-child\" data-id=\"f871a54\" data-element_type=\"container\" data-e-type=\"container\" data-settings=\"{&quot;background_background&quot;:&quot;classic&quot;,&quot;animation&quot;:&quot;fadeInUp&quot;,&quot;animation_delay&quot;:200}\">\n\t\t\t\t<div class=\"elementor-element elementor-element-cf3efd9 elementor-widget elementor-widget-image\" data-id=\"cf3efd9\" data-element_type=\"widget\" data-e-type=\"widget\" data-widget_type=\"image.default\">\n\t\t\t\t\t\t\t\t\t\t\t\t\t\t\t<img loading=\"lazy\" decoding=\"async\" width=\"51\" height=\"55\" src=\"https:\/\/espaiemporda.com\/wp-content\/uploads\/2025\/07\/Frame-11.svg\" class=\"attachment-large size-large wp-image-718\" alt=\"Ioga\" \/>\t\t\t\t\t\t\t\t\t\t\t\t\t\t\t<\/div>\n\t\t\t\t<div class=\"elementor-element elementor-element-4e1ab8f elementor-widget-divider--view-line elementor-widget elementor-widget-divider\" data-id=\"4e1ab8f\" data-element_type=\"widget\" data-e-type=\"widget\" data-widget_type=\"divider.default\">\n\t\t\t\t\t\t\t<div class=\"elementor-divider\">\n\t\t\t<span class=\"elementor-divider-separator\">\n\t\t\t\t\t\t<\/span>\n\t\t<\/div>\n\t\t\t\t\t\t<\/div>\n\t\t\t\t<div class=\"elementor-element elementor-element-d45870a elementor-widget elementor-widget-heading\" data-id=\"d45870a\" data-element_type=\"widget\" data-e-type=\"widget\" data-widget_type=\"heading.default\">\n\t\t\t\t\t<h3 class=\"elementor-heading-title elementor-size-default\">Clases de yoga semanal<\/h3>\t\t\t\t<\/div>\n\t\t\t\t<\/div>\n\t\t\t\t<\/div>\n\t\t\t\t<\/div>\n\t\t\t\t<\/div>\n\t\t","protected":false},"excerpt":{"rendered":"<p>\u00bfQu\u00e9 puedes hacer? Un espacio para todo lo que imagines y necesites Descubre el espacio Contacta Actividades que conectan cuerpo, mente y equipo Nuestro espacio est\u00e1 pensado para albergar una amplia variedad de actividades especialmente para el bienestar, el aprendizaje y la cohesi\u00f3n. Desde retiros de yoga y meditaci\u00f3n , talleres de crecimiento personal , [&hellip;]<\/p>\n","protected":false},"author":1,"featured_media":721,"parent":0,"menu_order":0,"comment_status":"closed","ping_status":"closed","template":"","meta":{"footnotes":""},"class_list":["post-755","page","type-page","status-publish","has-post-thumbnail","hentry"],"yoast_head":"<!-- This site is optimized with the Yoast SEO plugin v27.4 - https:\/\/yoast.com\/product\/yoast-seo-wordpress\/ -->\n<title>Actividades que acogemos - Espai Empord\u00e0 | Naturaleza y retiros en el Baix Empord\u00e0<\/title>\n<meta name=\"description\" content=\"Descubre un espacio rodeado de naturaleza en el Baix Empord\u00e0, ideal para retiros, talleres y eventos. Descubre las actividades que acogemos.\" \/>\n<meta name=\"robots\" content=\"index, follow, max-snippet:-1, max-image-preview:large, max-video-preview:-1\" \/>\n<link rel=\"canonical\" href=\"https:\/\/espaiemporda.com\/es\/actividades-que-acogemos\/\" \/>\n<meta property=\"og:locale\" content=\"es_ES\" \/>\n<meta property=\"og:type\" content=\"article\" \/>\n<meta property=\"og:title\" content=\"Actividades que acogemos - Espai Empord\u00e0 | Naturaleza y retiros en el Baix Empord\u00e0\" \/>\n<meta property=\"og:description\" content=\"Descubre un espacio rodeado de naturaleza en el Baix Empord\u00e0, ideal para retiros, talleres y eventos. Descubre las actividades que acogemos.\" \/>\n<meta property=\"og:url\" content=\"https:\/\/espaiemporda.com\/es\/actividades-que-acogemos\/\" \/>\n<meta property=\"og:site_name\" content=\"Espai Empord\u00e0\" \/>\n<meta property=\"article:modified_time\" content=\"2025-08-29T08:28:49+00:00\" \/>\n<meta property=\"og:image\" content=\"https:\/\/espaiemporda.com\/wp-content\/uploads\/2025\/07\/galeria3.webp\" \/>\n\t<meta property=\"og:image:width\" content=\"1536\" \/>\n\t<meta property=\"og:image:height\" content=\"2048\" \/>\n\t<meta property=\"og:image:type\" content=\"image\/webp\" \/>\n<meta name=\"twitter:card\" content=\"summary_large_image\" \/>\n<meta name=\"twitter:label1\" content=\"Tiempo de lectura\" \/>\n\t<meta name=\"twitter:data1\" content=\"1 minuto\" \/>\n<script type=\"application\/ld+json\" class=\"yoast-schema-graph\">{\"@context\":\"https:\\\/\\\/schema.org\",\"@graph\":[{\"@type\":\"WebPage\",\"@id\":\"https:\\\/\\\/espaiemporda.com\\\/es\\\/actividades-que-acogemos\\\/\",\"url\":\"https:\\\/\\\/espaiemporda.com\\\/es\\\/actividades-que-acogemos\\\/\",\"name\":\"Actividades que acogemos - Espai Empord\u00e0 | Naturaleza y retiros en el Baix Empord\u00e0\",\"isPartOf\":{\"@id\":\"https:\\\/\\\/espaiemporda.com\\\/es\\\/#website\"},\"primaryImageOfPage\":{\"@id\":\"https:\\\/\\\/espaiemporda.com\\\/es\\\/actividades-que-acogemos\\\/#primaryimage\"},\"image\":{\"@id\":\"https:\\\/\\\/espaiemporda.com\\\/es\\\/actividades-que-acogemos\\\/#primaryimage\"},\"thumbnailUrl\":\"https:\\\/\\\/espaiemporda.com\\\/wp-content\\\/uploads\\\/2025\\\/07\\\/galeria3.webp\",\"datePublished\":\"2025-07-15T11:27:43+00:00\",\"dateModified\":\"2025-08-29T08:28:49+00:00\",\"description\":\"Descubre un espacio rodeado de naturaleza en el Baix Empord\u00e0, ideal para retiros, talleres y eventos. Descubre las actividades que acogemos.\",\"breadcrumb\":{\"@id\":\"https:\\\/\\\/espaiemporda.com\\\/es\\\/actividades-que-acogemos\\\/#breadcrumb\"},\"inLanguage\":\"es\",\"potentialAction\":[{\"@type\":\"ReadAction\",\"target\":[\"https:\\\/\\\/espaiemporda.com\\\/es\\\/actividades-que-acogemos\\\/\"]}]},{\"@type\":\"ImageObject\",\"inLanguage\":\"es\",\"@id\":\"https:\\\/\\\/espaiemporda.com\\\/es\\\/actividades-que-acogemos\\\/#primaryimage\",\"url\":\"https:\\\/\\\/espaiemporda.com\\\/wp-content\\\/uploads\\\/2025\\\/07\\\/galeria3.webp\",\"contentUrl\":\"https:\\\/\\\/espaiemporda.com\\\/wp-content\\\/uploads\\\/2025\\\/07\\\/galeria3.webp\",\"width\":1536,\"height\":2048,\"caption\":\"yoga\"},{\"@type\":\"BreadcrumbList\",\"@id\":\"https:\\\/\\\/espaiemporda.com\\\/es\\\/actividades-que-acogemos\\\/#breadcrumb\",\"itemListElement\":[{\"@type\":\"ListItem\",\"position\":1,\"name\":\"Inici\",\"item\":\"https:\\\/\\\/espaiemporda.com\\\/es\\\/inicio\\\/\"},{\"@type\":\"ListItem\",\"position\":2,\"name\":\"Actividades que acogemos\"}]},{\"@type\":\"WebSite\",\"@id\":\"https:\\\/\\\/espaiemporda.com\\\/es\\\/#website\",\"url\":\"https:\\\/\\\/espaiemporda.com\\\/es\\\/\",\"name\":\"Espai Empord\u00e0\",\"description\":\"Respira, connecta, transforma. Un refugi de pau al cor de l\u2019Empord\u00e0.\",\"publisher\":{\"@id\":\"https:\\\/\\\/espaiemporda.com\\\/es\\\/#organization\"},\"potentialAction\":[{\"@type\":\"SearchAction\",\"target\":{\"@type\":\"EntryPoint\",\"urlTemplate\":\"https:\\\/\\\/espaiemporda.com\\\/es\\\/?s={search_term_string}\"},\"query-input\":{\"@type\":\"PropertyValueSpecification\",\"valueRequired\":true,\"valueName\":\"search_term_string\"}}],\"inLanguage\":\"es\"},{\"@type\":\"Organization\",\"@id\":\"https:\\\/\\\/espaiemporda.com\\\/es\\\/#organization\",\"name\":\"Espai Empord\u00e0\",\"url\":\"https:\\\/\\\/espaiemporda.com\\\/es\\\/\",\"logo\":{\"@type\":\"ImageObject\",\"inLanguage\":\"es\",\"@id\":\"https:\\\/\\\/espaiemporda.com\\\/es\\\/#\\\/schema\\\/logo\\\/image\\\/\",\"url\":\"https:\\\/\\\/espaiemporda.com\\\/wp-content\\\/uploads\\\/2025\\\/07\\\/Logo-Espai-Emporda-1.png\",\"contentUrl\":\"https:\\\/\\\/espaiemporda.com\\\/wp-content\\\/uploads\\\/2025\\\/07\\\/Logo-Espai-Emporda-1.png\",\"width\":375,\"height\":155,\"caption\":\"Espai Empord\u00e0\"},\"image\":{\"@id\":\"https:\\\/\\\/espaiemporda.com\\\/es\\\/#\\\/schema\\\/logo\\\/image\\\/\"},\"sameAs\":[\"https:\\\/\\\/www.instagram.com\\\/espai_emporda\\\/\"]}]}<\/script>\n<!-- \/ Yoast SEO plugin. -->","yoast_head_json":{"title":"Actividades que acogemos - Espai Empord\u00e0 | Naturaleza y retiros en el Baix Empord\u00e0","description":"Descubre un espacio rodeado de naturaleza en el Baix Empord\u00e0, ideal para retiros, talleres y eventos. Descubre las actividades que acogemos.","robots":{"index":"index","follow":"follow","max-snippet":"max-snippet:-1","max-image-preview":"max-image-preview:large","max-video-preview":"max-video-preview:-1"},"canonical":"https:\/\/espaiemporda.com\/es\/actividades-que-acogemos\/","og_locale":"es_ES","og_type":"article","og_title":"Actividades que acogemos - Espai Empord\u00e0 | Naturaleza y retiros en el Baix Empord\u00e0","og_description":"Descubre un espacio rodeado de naturaleza en el Baix Empord\u00e0, ideal para retiros, talleres y eventos. Descubre las actividades que acogemos.","og_url":"https:\/\/espaiemporda.com\/es\/actividades-que-acogemos\/","og_site_name":"Espai Empord\u00e0","article_modified_time":"2025-08-29T08:28:49+00:00","og_image":[{"width":1536,"height":2048,"url":"https:\/\/espaiemporda.com\/wp-content\/uploads\/2025\/07\/galeria3.webp","type":"image\/webp"}],"twitter_card":"summary_large_image","twitter_misc":{"Tiempo de lectura":"1 minuto"},"schema":{"@context":"https:\/\/schema.org","@graph":[{"@type":"WebPage","@id":"https:\/\/espaiemporda.com\/es\/actividades-que-acogemos\/","url":"https:\/\/espaiemporda.com\/es\/actividades-que-acogemos\/","name":"Actividades que acogemos - Espai Empord\u00e0 | Naturaleza y retiros en el Baix Empord\u00e0","isPartOf":{"@id":"https:\/\/espaiemporda.com\/es\/#website"},"primaryImageOfPage":{"@id":"https:\/\/espaiemporda.com\/es\/actividades-que-acogemos\/#primaryimage"},"image":{"@id":"https:\/\/espaiemporda.com\/es\/actividades-que-acogemos\/#primaryimage"},"thumbnailUrl":"https:\/\/espaiemporda.com\/wp-content\/uploads\/2025\/07\/galeria3.webp","datePublished":"2025-07-15T11:27:43+00:00","dateModified":"2025-08-29T08:28:49+00:00","description":"Descubre un espacio rodeado de naturaleza en el Baix Empord\u00e0, ideal para retiros, talleres y eventos. Descubre las actividades que acogemos.","breadcrumb":{"@id":"https:\/\/espaiemporda.com\/es\/actividades-que-acogemos\/#breadcrumb"},"inLanguage":"es","potentialAction":[{"@type":"ReadAction","target":["https:\/\/espaiemporda.com\/es\/actividades-que-acogemos\/"]}]},{"@type":"ImageObject","inLanguage":"es","@id":"https:\/\/espaiemporda.com\/es\/actividades-que-acogemos\/#primaryimage","url":"https:\/\/espaiemporda.com\/wp-content\/uploads\/2025\/07\/galeria3.webp","contentUrl":"https:\/\/espaiemporda.com\/wp-content\/uploads\/2025\/07\/galeria3.webp","width":1536,"height":2048,"caption":"yoga"},{"@type":"BreadcrumbList","@id":"https:\/\/espaiemporda.com\/es\/actividades-que-acogemos\/#breadcrumb","itemListElement":[{"@type":"ListItem","position":1,"name":"Inici","item":"https:\/\/espaiemporda.com\/es\/inicio\/"},{"@type":"ListItem","position":2,"name":"Actividades que acogemos"}]},{"@type":"WebSite","@id":"https:\/\/espaiemporda.com\/es\/#website","url":"https:\/\/espaiemporda.com\/es\/","name":"Espai Empord\u00e0","description":"Respira, connecta, transforma. Un refugi de pau al cor de l\u2019Empord\u00e0.","publisher":{"@id":"https:\/\/espaiemporda.com\/es\/#organization"},"potentialAction":[{"@type":"SearchAction","target":{"@type":"EntryPoint","urlTemplate":"https:\/\/espaiemporda.com\/es\/?s={search_term_string}"},"query-input":{"@type":"PropertyValueSpecification","valueRequired":true,"valueName":"search_term_string"}}],"inLanguage":"es"},{"@type":"Organization","@id":"https:\/\/espaiemporda.com\/es\/#organization","name":"Espai Empord\u00e0","url":"https:\/\/espaiemporda.com\/es\/","logo":{"@type":"ImageObject","inLanguage":"es","@id":"https:\/\/espaiemporda.com\/es\/#\/schema\/logo\/image\/","url":"https:\/\/espaiemporda.com\/wp-content\/uploads\/2025\/07\/Logo-Espai-Emporda-1.png","contentUrl":"https:\/\/espaiemporda.com\/wp-content\/uploads\/2025\/07\/Logo-Espai-Emporda-1.png","width":375,"height":155,"caption":"Espai Empord\u00e0"},"image":{"@id":"https:\/\/espaiemporda.com\/es\/#\/schema\/logo\/image\/"},"sameAs":["https:\/\/www.instagram.com\/espai_emporda\/"]}]}},"_links":{"self":[{"href":"https:\/\/espaiemporda.com\/es\/wp-json\/wp\/v2\/pages\/755","targetHints":{"allow":["GET"]}}],"collection":[{"href":"https:\/\/espaiemporda.com\/es\/wp-json\/wp\/v2\/pages"}],"about":[{"href":"https:\/\/espaiemporda.com\/es\/wp-json\/wp\/v2\/types\/page"}],"author":[{"embeddable":true,"href":"https:\/\/espaiemporda.com\/es\/wp-json\/wp\/v2\/users\/1"}],"replies":[{"embeddable":true,"href":"https:\/\/espaiemporda.com\/es\/wp-json\/wp\/v2\/comments?post=755"}],"version-history":[{"count":6,"href":"https:\/\/espaiemporda.com\/es\/wp-json\/wp\/v2\/pages\/755\/revisions"}],"predecessor-version":[{"id":893,"href":"https:\/\/espaiemporda.com\/es\/wp-json\/wp\/v2\/pages\/755\/revisions\/893"}],"wp:featuredmedia":[{"embeddable":true,"href":"https:\/\/espaiemporda.com\/es\/wp-json\/wp\/v2\/media\/721"}],"wp:attachment":[{"href":"https:\/\/espaiemporda.com\/es\/wp-json\/wp\/v2\/media?parent=755"}],"curies":[{"name":"wp","href":"https:\/\/api.w.org\/{rel}","templated":true}]}}