{"id":747,"date":"2025-07-15T13:28:11","date_gmt":"2025-07-15T11:28:11","guid":{"rendered":"https:\/\/espaiemporda.com\/contacto\/"},"modified":"2026-03-18T12:58:14","modified_gmt":"2026-03-18T11:58:14","slug":"contacto","status":"publish","type":"page","link":"https:\/\/espaiemporda.com\/es\/contacto\/","title":{"rendered":"Contacto"},"content":{"rendered":"\t\t<div data-elementor-type=\"wp-page\" data-elementor-id=\"747\" class=\"elementor elementor-747 elementor-296\" data-elementor-post-type=\"page\">\n\t\t\t\t<div class=\"elementor-element elementor-element-3d16a5e e-con-full e-flex e-con e-parent\" data-id=\"3d16a5e\" data-element_type=\"container\" data-e-type=\"container\">\n\t\t<div class=\"elementor-element elementor-element-feaba04 e-con-full e-flex e-con e-child\" data-id=\"feaba04\" data-element_type=\"container\" data-e-type=\"container\">\n\t\t\t\t<div class=\"elementor-element elementor-element-d3eb262 animated-slow elementor-invisible elementor-widget elementor-widget-heading\" data-id=\"d3eb262\" data-element_type=\"widget\" data-e-type=\"widget\" data-settings=\"{&quot;_animation&quot;:&quot;fadeInDown&quot;}\" data-widget_type=\"heading.default\">\n\t\t\t\t\t<h1 class=\"elementor-heading-title elementor-size-default\"><i>Contacta<\/i> con nosotros<\/h1>\t\t\t\t<\/div>\n\t\t\t\t<div class=\"elementor-element elementor-element-1427027 animated-slow elementor-invisible elementor-widget elementor-widget-text-editor\" data-id=\"1427027\" data-element_type=\"widget\" data-e-type=\"widget\" data-settings=\"{&quot;_animation&quot;:&quot;fadeInLeft&quot;}\" data-widget_type=\"text-editor.default\">\n\t\t\t\t\t\t\t\t\t<p>Si tienes cualquier duda, propuesta o quieres visitar el espacio antes de reservar, estaremos encantados de atenderte.<\/p>\t\t\t\t\t\t\t\t<\/div>\n\t\t<div class=\"elementor-element elementor-element-6484db4 e-con-full e-flex e-con e-child\" data-id=\"6484db4\" data-element_type=\"container\" data-e-type=\"container\">\n\t\t\t\t<div class=\"elementor-element elementor-element-d2dfeb4 elementor-invisible elementor-widget elementor-widget-button\" data-id=\"d2dfeb4\" data-element_type=\"widget\" data-e-type=\"widget\" data-settings=\"{&quot;_animation&quot;:&quot;fadeInLeft&quot;,&quot;_animation_delay&quot;:800}\" data-widget_type=\"button.default\">\n\t\t\t\t\t\t\t\t\t\t<a class=\"elementor-button elementor-button-link elementor-size-sm\" href=\"#\">\n\t\t\t\t\t\t<span class=\"elementor-button-content-wrapper\">\n\t\t\t\t\t\t\t\t\t<span class=\"elementor-button-text\">Descubre el espacio<\/span>\n\t\t\t\t\t<\/span>\n\t\t\t\t\t<\/a>\n\t\t\t\t\t\t\t\t<\/div>\n\t\t\t\t<\/div>\n\t\t\t\t<\/div>\n\t\t<div class=\"elementor-element elementor-element-a05129e e-con-full e-flex e-con e-child\" data-id=\"a05129e\" data-element_type=\"container\" data-e-type=\"container\">\n\t\t\t\t<div class=\"elementor-element elementor-element-fc1f5bb animated-slow elementor-invisible elementor-widget elementor-widget-image\" data-id=\"fc1f5bb\" data-element_type=\"widget\" data-e-type=\"widget\" data-settings=\"{&quot;_animation&quot;:&quot;fadeInRight&quot;}\" data-widget_type=\"image.default\">\n\t\t\t\t\t\t\t\t\t\t\t\t\t\t\t<img fetchpriority=\"high\" decoding=\"async\" width=\"800\" height=\"600\" src=\"https:\/\/espaiemporda.com\/wp-content\/uploads\/2025\/07\/grups-1024x768.webp\" class=\"attachment-large size-large wp-image-732\" alt=\"Foto de grup\" srcset=\"https:\/\/espaiemporda.com\/wp-content\/uploads\/2025\/07\/grups-1024x768.webp 1024w, https:\/\/espaiemporda.com\/wp-content\/uploads\/2025\/07\/grups-300x225.webp 300w, https:\/\/espaiemporda.com\/wp-content\/uploads\/2025\/07\/grups-768x576.webp 768w, https:\/\/espaiemporda.com\/wp-content\/uploads\/2025\/07\/grups-1536x1152.webp 1536w, https:\/\/espaiemporda.com\/wp-content\/uploads\/2025\/07\/grups-2048x1536.webp 2048w\" sizes=\"(max-width: 800px) 100vw, 800px\" \/>\t\t\t\t\t\t\t\t\t\t\t\t\t\t\t<\/div>\n\t\t\t\t<\/div>\n\t\t\t\t<\/div>\n\t\t<div class=\"elementor-element elementor-element-ad41966 e-con-full e-flex e-con e-parent\" data-id=\"ad41966\" data-element_type=\"container\" data-e-type=\"container\">\n\t\t<div class=\"elementor-element elementor-element-8dfbb9c e-con-full e-flex e-con e-child\" data-id=\"8dfbb9c\" data-element_type=\"container\" data-e-type=\"container\">\n\t\t\t\t<div class=\"elementor-element elementor-element-3ef2723 animated-slow elementor-invisible elementor-widget elementor-widget-heading\" data-id=\"3ef2723\" data-element_type=\"widget\" data-e-type=\"widget\" data-settings=\"{&quot;_animation&quot;:&quot;fadeInDown&quot;}\" data-widget_type=\"heading.default\">\n\t\t\t\t\t<h2 class=\"elementor-heading-title elementor-size-default\"><i>Rellena<\/i> el formulario<\/h2>\t\t\t\t<\/div>\n\t\t\t\t<div class=\"elementor-element elementor-element-0c6d497 animated-slow elementor-invisible elementor-widget elementor-widget-text-editor\" data-id=\"0c6d497\" data-element_type=\"widget\" data-e-type=\"widget\" data-settings=\"{&quot;_animation&quot;:&quot;fadeInLeft&quot;,&quot;_animation_delay&quot;:200}\" data-widget_type=\"text-editor.default\">\n\t\t\t\t\t\t\t\t\t<p>Para m\u00e1s informaci\u00f3n sobre disponibilidad o cualquier pregunta, no dudes en contactar con nosotros<\/p>\t\t\t\t\t\t\t\t<\/div>\n\t\t\t\t<\/div>\n\t\t<div class=\"elementor-element elementor-element-02acec0 animated-slow e-flex e-con-boxed elementor-invisible e-con e-child\" data-id=\"02acec0\" data-element_type=\"container\" data-e-type=\"container\" data-settings=\"{&quot;animation&quot;:&quot;fadeInUp&quot;}\">\n\t\t\t\t\t<div class=\"e-con-inner\">\n\t\t\t\t<div class=\"elementor-element elementor-element-d4f4e43 elementor-button-align-start elementor-widget elementor-widget-form\" data-id=\"d4f4e43\" data-element_type=\"widget\" data-e-type=\"widget\" data-settings=\"{&quot;step_next_label&quot;:&quot;Next&quot;,&quot;step_previous_label&quot;:&quot;Previous&quot;,&quot;button_width&quot;:&quot;100&quot;,&quot;step_type&quot;:&quot;number_text&quot;,&quot;step_icon_shape&quot;:&quot;circle&quot;}\" data-widget_type=\"form.default\">\n\t\t\t\t\t\t\t<form class=\"elementor-form\" method=\"post\" name=\"Contacto\" aria-label=\"Contacto\">\n\t\t\t<input type=\"hidden\" name=\"post_id\" value=\"747\"\/>\n\t\t\t<input type=\"hidden\" name=\"form_id\" value=\"d4f4e43\"\/>\n\t\t\t<input type=\"hidden\" name=\"referer_title\" value=\"Contacto - Espai Empord\u00e0\" \/>\n\n\t\t\t\t\t\t\t<input type=\"hidden\" name=\"queried_id\" value=\"747\"\/>\n\t\t\t\n\t\t\t<div class=\"elementor-form-fields-wrapper elementor-labels-\">\n\t\t\t\t\t\t\t\t<div class=\"elementor-field-type-text elementor-field-group elementor-column elementor-field-group-name elementor-col-50 elementor-field-required\">\n\t\t\t\t\t\t\t\t\t\t\t\t<label for=\"form-field-name\" class=\"elementor-field-label elementor-screen-only\">\n\t\t\t\t\t\t\t\tNombre\t\t\t\t\t\t\t<\/label>\n\t\t\t\t\t\t\t\t\t\t\t\t\t\t<input size=\"1\" type=\"text\" name=\"form_fields[name]\" id=\"form-field-name\" class=\"elementor-field elementor-size-sm  elementor-field-textual\" placeholder=\"Nombre\" required=\"required\">\n\t\t\t\t\t\t\t\t\t\t\t<\/div>\n\t\t\t\t\t\t\t\t<div class=\"elementor-field-type-number elementor-field-group elementor-column elementor-field-group-phone elementor-col-50 elementor-field-required\">\n\t\t\t\t\t\t\t\t\t\t\t\t<label for=\"form-field-phone\" class=\"elementor-field-label elementor-screen-only\">\n\t\t\t\t\t\t\t\tTel\u00e9fono\t\t\t\t\t\t\t<\/label>\n\t\t\t\t\t\t\t\t\t<input type=\"number\" name=\"form_fields[phone]\" id=\"form-field-phone\" class=\"elementor-field elementor-size-sm  elementor-field-textual\" placeholder=\"Tel\u00e9fono\" required=\"required\" min=\"\" max=\"\" >\n\t\t\t\t\t\t<\/div>\n\t\t\t\t\t\t\t\t<div class=\"elementor-field-type-email elementor-field-group elementor-column elementor-field-group-email elementor-col-100 elementor-field-required\">\n\t\t\t\t\t\t\t\t\t\t\t\t<label for=\"form-field-email\" class=\"elementor-field-label elementor-screen-only\">\n\t\t\t\t\t\t\t\tCorreo electr\u00f3nico\t\t\t\t\t\t\t<\/label>\n\t\t\t\t\t\t\t\t\t\t\t\t\t\t<input size=\"1\" type=\"email\" name=\"form_fields[email]\" id=\"form-field-email\" class=\"elementor-field elementor-size-sm  elementor-field-textual\" placeholder=\"Correo electr\u00f3nico\" required=\"required\">\n\t\t\t\t\t\t\t\t\t\t\t<\/div>\n\t\t\t\t\t\t\t\t<div class=\"elementor-field-type-textarea elementor-field-group elementor-column elementor-field-group-message elementor-col-100 elementor-field-required\">\n\t\t\t\t\t\t\t\t\t\t\t\t<label for=\"form-field-message\" class=\"elementor-field-label elementor-screen-only\">\n\t\t\t\t\t\t\t\tMensaje\t\t\t\t\t\t\t<\/label>\n\t\t\t\t\t\t<textarea class=\"elementor-field-textual elementor-field  elementor-size-sm\" name=\"form_fields[message]\" id=\"form-field-message\" rows=\"4\" placeholder=\"Mensaje  \" required=\"required\"><\/textarea>\t\t\t\t<\/div>\n\t\t\t\t\t\t\t\t<div class=\"elementor-field-type-acceptance elementor-field-group elementor-column elementor-field-group-acceptance elementor-col-100\">\n\t\t\t\t\t\t\t\t\t\t\t\t<label for=\"form-field-acceptance\" class=\"elementor-field-label elementor-screen-only\">\n\t\t\t\t\t\t\t\tAceptaci\u00f3n\t\t\t\t\t\t\t<\/label>\n\t\t\t\t\t\t\t\t<div class=\"elementor-field-subgroup\">\n\t\t\t<span class=\"elementor-field-option\">\n\t\t\t\t<input type=\"checkbox\" name=\"form_fields[acceptance]\" id=\"form-field-acceptance\" class=\"elementor-field elementor-size-sm  elementor-acceptance-field\">\n\t\t\t\t<label for=\"form-field-acceptance\"><font size=\"2\">  \n  Acepto la gesti\u00f3n de mis datos como se indica en la pol\u00edtica de privacidad.\n<\/font><\/label>\t\t\t<\/span>\n\t\t<\/div>\n\t\t\t\t\t\t<\/div>\n\t\t\t\t\t\t\t\t<div class=\"elementor-field-type-recaptcha_v3 elementor-field-group elementor-column elementor-field-group-recaptcha elementor-col-100 recaptcha_v3-bottomright\">\n\t\t\t\t\t<div class=\"elementor-field\" id=\"form-field-recaptcha\"><div class=\"elementor-g-recaptcha\" data-sitekey=\"6LfLIIUrAAAAAIS_wCW7UpxnjEyR86L8AVDSFwI7\" data-type=\"v3\" data-action=\"Form\" data-badge=\"bottomright\" data-size=\"invisible\"><\/div><\/div>\t\t\t\t<\/div>\n\t\t\t\t\t\t\t\t<div class=\"elementor-field-group elementor-column elementor-field-type-submit elementor-col-100 e-form__buttons\">\n\t\t\t\t\t<button class=\"elementor-button elementor-size-sm\" type=\"submit\">\n\t\t\t\t\t\t<span class=\"elementor-button-content-wrapper\">\n\t\t\t\t\t\t\t\t\t\t\t\t\t\t\t\t\t\t\t\t\t\t<span class=\"elementor-button-text\">Enviar<\/span>\n\t\t\t\t\t\t\t\t\t\t\t\t\t<\/span>\n\t\t\t\t\t<\/button>\n\t\t\t\t<\/div>\n\t\t\t<\/div>\n\t\t<\/form>\n\t\t\t\t\t\t<\/div>\n\t\t\t\t\t<\/div>\n\t\t\t\t<\/div>\n\t\t\t\t<\/div>\n\t\t\t\t<\/div>\n\t\t","protected":false},"excerpt":{"rendered":"<p>Contacta con nosotros Si tienes cualquier duda, propuesta o quieres visitar el espacio antes de reservar, estaremos encantados de atenderte. Descubre el espacio Rellena el formulario Para m\u00e1s informaci\u00f3n sobre disponibilidad o cualquier pregunta, no dudes en contactar con nosotros<\/p>\n","protected":false},"author":1,"featured_media":732,"parent":0,"menu_order":0,"comment_status":"closed","ping_status":"closed","template":"","meta":{"footnotes":""},"class_list":["post-747","page","type-page","status-publish","has-post-thumbnail","hentry"],"yoast_head":"<!-- This site is optimized with the Yoast SEO plugin v27.4 - https:\/\/yoast.com\/product\/yoast-seo-wordpress\/ -->\n<title>Contacto - Espai Empord\u00e0<\/title>\n<meta name=\"description\" content=\"Contacto Espai Empord\u00e0: Rellena el formulario y pide informaci\u00f3n sobre retiros, talleres, eventos o disponibilidad de nuestro espacio.\" \/>\n<meta name=\"robots\" content=\"index, follow, max-snippet:-1, max-image-preview:large, max-video-preview:-1\" \/>\n<link rel=\"canonical\" href=\"https:\/\/espaiemporda.com\/es\/contacto\/\" \/>\n<meta property=\"og:locale\" content=\"es_ES\" \/>\n<meta property=\"og:type\" content=\"article\" \/>\n<meta property=\"og:title\" content=\"Contacto - Espai Empord\u00e0\" \/>\n<meta property=\"og:description\" content=\"Contacto Espai Empord\u00e0: Rellena el formulario y pide informaci\u00f3n sobre retiros, talleres, eventos o disponibilidad de nuestro espacio.\" \/>\n<meta property=\"og:url\" content=\"https:\/\/espaiemporda.com\/es\/contacto\/\" \/>\n<meta property=\"og:site_name\" content=\"Espai Empord\u00e0\" \/>\n<meta property=\"article:modified_time\" content=\"2026-03-18T11:58:14+00:00\" \/>\n<meta property=\"og:image\" content=\"https:\/\/espaiemporda.com\/wp-content\/uploads\/2025\/07\/grups-scaled.webp\" \/>\n\t<meta property=\"og:image:width\" content=\"2560\" \/>\n\t<meta property=\"og:image:height\" content=\"1920\" \/>\n\t<meta property=\"og:image:type\" content=\"image\/webp\" \/>\n<meta name=\"twitter:card\" content=\"summary_large_image\" \/>\n<script type=\"application\/ld+json\" class=\"yoast-schema-graph\">{\"@context\":\"https:\\\/\\\/schema.org\",\"@graph\":[{\"@type\":\"WebPage\",\"@id\":\"https:\\\/\\\/espaiemporda.com\\\/es\\\/contacto\\\/\",\"url\":\"https:\\\/\\\/espaiemporda.com\\\/es\\\/contacto\\\/\",\"name\":\"Contacto - Espai Empord\u00e0\",\"isPartOf\":{\"@id\":\"https:\\\/\\\/espaiemporda.com\\\/es\\\/#website\"},\"primaryImageOfPage\":{\"@id\":\"https:\\\/\\\/espaiemporda.com\\\/es\\\/contacto\\\/#primaryimage\"},\"image\":{\"@id\":\"https:\\\/\\\/espaiemporda.com\\\/es\\\/contacto\\\/#primaryimage\"},\"thumbnailUrl\":\"https:\\\/\\\/espaiemporda.com\\\/wp-content\\\/uploads\\\/2025\\\/07\\\/grups-scaled.webp\",\"datePublished\":\"2025-07-15T11:28:11+00:00\",\"dateModified\":\"2026-03-18T11:58:14+00:00\",\"description\":\"Contacto Espai Empord\u00e0: Rellena el formulario y pide informaci\u00f3n sobre retiros, talleres, eventos o disponibilidad de nuestro espacio.\",\"breadcrumb\":{\"@id\":\"https:\\\/\\\/espaiemporda.com\\\/es\\\/contacto\\\/#breadcrumb\"},\"inLanguage\":\"es\",\"potentialAction\":[{\"@type\":\"ReadAction\",\"target\":[\"https:\\\/\\\/espaiemporda.com\\\/es\\\/contacto\\\/\"]}]},{\"@type\":\"ImageObject\",\"inLanguage\":\"es\",\"@id\":\"https:\\\/\\\/espaiemporda.com\\\/es\\\/contacto\\\/#primaryimage\",\"url\":\"https:\\\/\\\/espaiemporda.com\\\/wp-content\\\/uploads\\\/2025\\\/07\\\/grups-scaled.webp\",\"contentUrl\":\"https:\\\/\\\/espaiemporda.com\\\/wp-content\\\/uploads\\\/2025\\\/07\\\/grups-scaled.webp\",\"width\":2560,\"height\":1920,\"caption\":\"Foto de grup\"},{\"@type\":\"BreadcrumbList\",\"@id\":\"https:\\\/\\\/espaiemporda.com\\\/es\\\/contacto\\\/#breadcrumb\",\"itemListElement\":[{\"@type\":\"ListItem\",\"position\":1,\"name\":\"Inici\",\"item\":\"https:\\\/\\\/espaiemporda.com\\\/es\\\/inicio\\\/\"},{\"@type\":\"ListItem\",\"position\":2,\"name\":\"Contacto\"}]},{\"@type\":\"WebSite\",\"@id\":\"https:\\\/\\\/espaiemporda.com\\\/es\\\/#website\",\"url\":\"https:\\\/\\\/espaiemporda.com\\\/es\\\/\",\"name\":\"Espai Empord\u00e0\",\"description\":\"Respira, connecta, transforma. Un refugi de pau al cor de l\u2019Empord\u00e0.\",\"publisher\":{\"@id\":\"https:\\\/\\\/espaiemporda.com\\\/es\\\/#organization\"},\"potentialAction\":[{\"@type\":\"SearchAction\",\"target\":{\"@type\":\"EntryPoint\",\"urlTemplate\":\"https:\\\/\\\/espaiemporda.com\\\/es\\\/?s={search_term_string}\"},\"query-input\":{\"@type\":\"PropertyValueSpecification\",\"valueRequired\":true,\"valueName\":\"search_term_string\"}}],\"inLanguage\":\"es\"},{\"@type\":\"Organization\",\"@id\":\"https:\\\/\\\/espaiemporda.com\\\/es\\\/#organization\",\"name\":\"Espai Empord\u00e0\",\"url\":\"https:\\\/\\\/espaiemporda.com\\\/es\\\/\",\"logo\":{\"@type\":\"ImageObject\",\"inLanguage\":\"es\",\"@id\":\"https:\\\/\\\/espaiemporda.com\\\/es\\\/#\\\/schema\\\/logo\\\/image\\\/\",\"url\":\"https:\\\/\\\/espaiemporda.com\\\/wp-content\\\/uploads\\\/2025\\\/07\\\/Logo-Espai-Emporda-1.png\",\"contentUrl\":\"https:\\\/\\\/espaiemporda.com\\\/wp-content\\\/uploads\\\/2025\\\/07\\\/Logo-Espai-Emporda-1.png\",\"width\":375,\"height\":155,\"caption\":\"Espai Empord\u00e0\"},\"image\":{\"@id\":\"https:\\\/\\\/espaiemporda.com\\\/es\\\/#\\\/schema\\\/logo\\\/image\\\/\"},\"sameAs\":[\"https:\\\/\\\/www.instagram.com\\\/espai_emporda\\\/\"]}]}<\/script>\n<!-- \/ Yoast SEO plugin. -->","yoast_head_json":{"title":"Contacto - Espai Empord\u00e0","description":"Contacto Espai Empord\u00e0: Rellena el formulario y pide informaci\u00f3n sobre retiros, talleres, eventos o disponibilidad de nuestro espacio.","robots":{"index":"index","follow":"follow","max-snippet":"max-snippet:-1","max-image-preview":"max-image-preview:large","max-video-preview":"max-video-preview:-1"},"canonical":"https:\/\/espaiemporda.com\/es\/contacto\/","og_locale":"es_ES","og_type":"article","og_title":"Contacto - Espai Empord\u00e0","og_description":"Contacto Espai Empord\u00e0: Rellena el formulario y pide informaci\u00f3n sobre retiros, talleres, eventos o disponibilidad de nuestro espacio.","og_url":"https:\/\/espaiemporda.com\/es\/contacto\/","og_site_name":"Espai Empord\u00e0","article_modified_time":"2026-03-18T11:58:14+00:00","og_image":[{"width":2560,"height":1920,"url":"https:\/\/espaiemporda.com\/wp-content\/uploads\/2025\/07\/grups-scaled.webp","type":"image\/webp"}],"twitter_card":"summary_large_image","schema":{"@context":"https:\/\/schema.org","@graph":[{"@type":"WebPage","@id":"https:\/\/espaiemporda.com\/es\/contacto\/","url":"https:\/\/espaiemporda.com\/es\/contacto\/","name":"Contacto - Espai Empord\u00e0","isPartOf":{"@id":"https:\/\/espaiemporda.com\/es\/#website"},"primaryImageOfPage":{"@id":"https:\/\/espaiemporda.com\/es\/contacto\/#primaryimage"},"image":{"@id":"https:\/\/espaiemporda.com\/es\/contacto\/#primaryimage"},"thumbnailUrl":"https:\/\/espaiemporda.com\/wp-content\/uploads\/2025\/07\/grups-scaled.webp","datePublished":"2025-07-15T11:28:11+00:00","dateModified":"2026-03-18T11:58:14+00:00","description":"Contacto Espai Empord\u00e0: Rellena el formulario y pide informaci\u00f3n sobre retiros, talleres, eventos o disponibilidad de nuestro espacio.","breadcrumb":{"@id":"https:\/\/espaiemporda.com\/es\/contacto\/#breadcrumb"},"inLanguage":"es","potentialAction":[{"@type":"ReadAction","target":["https:\/\/espaiemporda.com\/es\/contacto\/"]}]},{"@type":"ImageObject","inLanguage":"es","@id":"https:\/\/espaiemporda.com\/es\/contacto\/#primaryimage","url":"https:\/\/espaiemporda.com\/wp-content\/uploads\/2025\/07\/grups-scaled.webp","contentUrl":"https:\/\/espaiemporda.com\/wp-content\/uploads\/2025\/07\/grups-scaled.webp","width":2560,"height":1920,"caption":"Foto de grup"},{"@type":"BreadcrumbList","@id":"https:\/\/espaiemporda.com\/es\/contacto\/#breadcrumb","itemListElement":[{"@type":"ListItem","position":1,"name":"Inici","item":"https:\/\/espaiemporda.com\/es\/inicio\/"},{"@type":"ListItem","position":2,"name":"Contacto"}]},{"@type":"WebSite","@id":"https:\/\/espaiemporda.com\/es\/#website","url":"https:\/\/espaiemporda.com\/es\/","name":"Espai Empord\u00e0","description":"Respira, connecta, transforma. Un refugi de pau al cor de l\u2019Empord\u00e0.","publisher":{"@id":"https:\/\/espaiemporda.com\/es\/#organization"},"potentialAction":[{"@type":"SearchAction","target":{"@type":"EntryPoint","urlTemplate":"https:\/\/espaiemporda.com\/es\/?s={search_term_string}"},"query-input":{"@type":"PropertyValueSpecification","valueRequired":true,"valueName":"search_term_string"}}],"inLanguage":"es"},{"@type":"Organization","@id":"https:\/\/espaiemporda.com\/es\/#organization","name":"Espai Empord\u00e0","url":"https:\/\/espaiemporda.com\/es\/","logo":{"@type":"ImageObject","inLanguage":"es","@id":"https:\/\/espaiemporda.com\/es\/#\/schema\/logo\/image\/","url":"https:\/\/espaiemporda.com\/wp-content\/uploads\/2025\/07\/Logo-Espai-Emporda-1.png","contentUrl":"https:\/\/espaiemporda.com\/wp-content\/uploads\/2025\/07\/Logo-Espai-Emporda-1.png","width":375,"height":155,"caption":"Espai Empord\u00e0"},"image":{"@id":"https:\/\/espaiemporda.com\/es\/#\/schema\/logo\/image\/"},"sameAs":["https:\/\/www.instagram.com\/espai_emporda\/"]}]}},"_links":{"self":[{"href":"https:\/\/espaiemporda.com\/es\/wp-json\/wp\/v2\/pages\/747","targetHints":{"allow":["GET"]}}],"collection":[{"href":"https:\/\/espaiemporda.com\/es\/wp-json\/wp\/v2\/pages"}],"about":[{"href":"https:\/\/espaiemporda.com\/es\/wp-json\/wp\/v2\/types\/page"}],"author":[{"embeddable":true,"href":"https:\/\/espaiemporda.com\/es\/wp-json\/wp\/v2\/users\/1"}],"replies":[{"embeddable":true,"href":"https:\/\/espaiemporda.com\/es\/wp-json\/wp\/v2\/comments?post=747"}],"version-history":[{"count":1,"href":"https:\/\/espaiemporda.com\/es\/wp-json\/wp\/v2\/pages\/747\/revisions"}],"predecessor-version":[{"id":751,"href":"https:\/\/espaiemporda.com\/es\/wp-json\/wp\/v2\/pages\/747\/revisions\/751"}],"wp:featuredmedia":[{"embeddable":true,"href":"https:\/\/espaiemporda.com\/es\/wp-json\/wp\/v2\/media\/732"}],"wp:attachment":[{"href":"https:\/\/espaiemporda.com\/es\/wp-json\/wp\/v2\/media?parent=747"}],"curies":[{"name":"wp","href":"https:\/\/api.w.org\/{rel}","templated":true}]}}